{"id":13,"date":"2016-11-04T18:27:58","date_gmt":"2016-11-04T17:27:58","guid":{"rendered":"https:\/\/www.rentila.it\/support\/?page_id=13"},"modified":"2025-10-10T12:50:55","modified_gmt":"2025-10-10T10:50:55","slug":"faq","status":"publish","type":"page","link":"https:\/\/www.rentila.it\/support\/faq","title":{"rendered":"FAQ"},"content":{"rendered":"<h2>\u00c8 davvero gratuito?<\/h2>\n<p>S\u00ec, l\u2019account gratuito di Rentila \u00e8 limitato a 1 immobile, 2 contratti di locazione e 2 inquilini. Se gestisci pi\u00f9 immobili, dovrai passare a un piano a pagamento.<\/p>\n<h2>Qual \u00e8 la durata minima del contratto?<\/h2>\n<p>Non esiste una durata minima. Puoi annullare il tuo abbonamento in qualsiasi momento.<\/p>\n<h2>Rentila \u00e8 conforme alle normative locali?<\/h2>\n<p>S\u00ec, Rentila si adatta alle normative locali in materia di gestione e locazione immobiliare in ogni Paese in cui operiamo. Aggiorniamo regolarmente i nostri modelli e le nostre funzionalit\u00e0 per rispettare le modifiche legislative.<\/p>\n<h2>Devo installare un software?<\/h2>\n<p>No, non \u00e8 necessaria alcuna installazione. Rentila \u00e8 completamente online. Puoi accedere al tuo account da qualsiasi computer, tablet o dispositivo mobile con connessione Internet.<\/p>\n<h2>Rentila \u00e8 disponibile su dispositivi mobili?<\/h2>\n<p>S\u00ec, Rentila \u00e8 accessibile tramite browser mobile e tramite la nostra applicazione dedicata per gli inquilini. Anche i proprietari possono gestire il proprio account dal cellulare, ovunque si trovino.<\/p>\n<h2>I miei inquilini possono utilizzare il servizio?<\/h2>\n<p>S\u00ec, gli inquilini hanno il proprio account. Rentila \u00e8 stata progettata per facilitare l\u2019interazione tra proprietari e inquilini: gestione di affitti e pagamenti, ricevute, compiti, promemoria\u2026<\/p>\n<h2>Posso gestire pi\u00f9 immobili e portafogli?<\/h2>\n<p>S\u00ec, Rentila \u00e8 pensata sia per piccoli proprietari che per portafogli immobiliari pi\u00f9 grandi. Puoi gestire pi\u00f9 immobili, edifici, contratti e inquilini da un unico account. Se gestisci pi\u00f9 di un immobile, \u00e8 necessario un piano a pagamento.<\/p>\n<h2>In quali lingue \u00e8 disponibile Rentila?<\/h2>\n<p>Rentila \u00e8 disponibile in diverse lingue, tra cui inglese, francese, tedesco, spagnolo, italiano, olandese, bulgaro e portoghese. Puoi cambiare la lingua dell\u2019interfaccia in qualsiasi momento.<\/p>\n<h2>Dove vengono ospitati i dati?<\/h2>\n<p>I nostri server si trovano in Francia. Questa localizzazione in Europa rafforza la sicurezza dei tuoi dati, che sono soggetti a normative rigorose in materia di protezione dei dati personali.<\/p>\n<h2>Che cosa succede con la sicurezza dei miei dati?<\/h2>\n<p>Visita le pagine Termini e Condizioni e Informativa sulla Privacy per saperne di pi\u00f9 sulla protezione dei tuoi dati personali. Rispettiamo il GDPR e le altre normative applicabili.<\/p>\n<h2>Ci sono copie di backup?<\/h2>\n<p>S\u00ec. Abbiamo implementato sistemi di replica per garantire che i tuoi dati siano costantemente salvati. Questo assicura un accesso ininterrotto alle tue informazioni in qualsiasi circostanza.<\/p>\n<h2>Posso esportare i miei dati?<\/h2>\n<p>S\u00ec, puoi esportare i tuoi dati in qualsiasi momento. La maggior parte delle liste, dei registri finanziari e dei documenti pu\u00f2 essere scaricata in formati come PDF, Excel o CSV per conservarne una copia.<\/p>\n<h2>Posso invitare il mio commercialista o il mio amministratore?<\/h2>\n<p>S\u00ec, puoi concedere l\u2019accesso a terze parti, come commercialisti o amministratori, creando account utente aggiuntivi o condividendo i documenti in modo sicuro.<\/p>\n<h2>Rentila offre assistenza?<\/h2>\n<p>S\u00ec, il nostro team di assistenza \u00e8 a tua disposizione per aiutarti. Puoi contattarci tramite il centro assistenza online o inviandoci un messaggio dal tuo account. Rispondiamo il pi\u00f9 rapidamente possibile.<\/p>\n<h2>Offrite formazione o tutorial?<\/h2>\n<p>S\u00ec, mettiamo a disposizione articoli di aiuto dettagliati, tutorial video e guide passo passo per aiutarti a iniziare rapidamente e sfruttare al meglio le funzionalit\u00e0 di Rentila.<\/p>\n<h2>Cosa succede se smetto di usare Rentila?<\/h2>\n<p>Se decidi di smettere di usare Rentila, puoi esportare tutti i tuoi dati in anticipo. Il tuo account pu\u00f2 essere chiuso in qualsiasi momento e i tuoi dati personali saranno trattati in conformit\u00e0 con la nostra Informativa sulla Privacy.<\/p>\n","protected":false},"excerpt":{"rendered":"<p>\u00c8 davvero gratuito? S\u00ec, l\u2019account gratuito di Rentila \u00e8 limitato a 1 immobile, 2 contratti di locazione e 2 inquilini. Se gestisci pi\u00f9 immobili, dovrai passare a un piano a pagamento. Qual \u00e8 la durata minima del contratto? Non esiste una durata minima. Puoi annullare il tuo abbonamento in qualsiasi momento. Rentila \u00e8 conforme alle<\/p>\n","protected":false},"author":1,"featured_media":0,"parent":0,"menu_order":0,"comment_status":"closed","ping_status":"closed","template":"page-faq.php","meta":{"footnotes":""},"class_list":["post-13","page","type-page","status-publish","hentry"],"yoast_head":"<!-- This site is optimized with the Yoast SEO plugin v27.3 - https:\/\/yoast.com\/product\/yoast-seo-wordpress\/ -->\n<title>FAQ - Centro Supporto - Rentila<\/title>\n<meta name=\"robots\" content=\"index, follow, max-snippet:-1, max-image-preview:large, max-video-preview:-1\" \/>\n<link rel=\"canonical\" href=\"https:\/\/www.rentila.it\/support\/faq\" \/>\n<meta property=\"og:locale\" content=\"it_IT\" \/>\n<meta property=\"og:type\" content=\"article\" \/>\n<meta property=\"og:title\" content=\"FAQ - Centro Supporto - Rentila\" \/>\n<meta property=\"og:description\" content=\"\u00c8 davvero gratuito? S\u00ec, l\u2019account gratuito di Rentila \u00e8 limitato a 1 immobile, 2 contratti di locazione e 2 inquilini. Se gestisci pi\u00f9 immobili, dovrai passare a un piano a pagamento. Qual \u00e8 la durata minima del contratto? Non esiste una durata minima. Puoi annullare il tuo abbonamento in qualsiasi momento. Rentila \u00e8 conforme alle\" \/>\n<meta property=\"og:url\" content=\"https:\/\/www.rentila.it\/support\/faq\" \/>\n<meta property=\"og:site_name\" content=\"Centro Supporto - Rentila\" \/>\n<meta property=\"article:modified_time\" content=\"2025-10-10T10:50:55+00:00\" \/>\n<meta name=\"twitter:card\" content=\"summary_large_image\" \/>\n<meta name=\"twitter:label1\" content=\"Tempo di lettura stimato\" \/>\n\t<meta name=\"twitter:data1\" content=\"3 minuti\" \/>\n<script type=\"application\/ld+json\" class=\"yoast-schema-graph\">{\"@context\":\"https:\\\/\\\/schema.org\",\"@graph\":[{\"@type\":\"WebPage\",\"@id\":\"https:\\\/\\\/www.rentila.it\\\/support\\\/faq\",\"url\":\"https:\\\/\\\/www.rentila.it\\\/support\\\/faq\",\"name\":\"FAQ - Centro Supporto - Rentila\",\"isPartOf\":{\"@id\":\"https:\\\/\\\/www.rentila.it\\\/support\\\/#website\"},\"datePublished\":\"2016-11-04T17:27:58+00:00\",\"dateModified\":\"2025-10-10T10:50:55+00:00\",\"breadcrumb\":{\"@id\":\"https:\\\/\\\/www.rentila.it\\\/support\\\/faq#breadcrumb\"},\"inLanguage\":\"it-IT\",\"potentialAction\":[{\"@type\":\"ReadAction\",\"target\":[\"https:\\\/\\\/www.rentila.it\\\/support\\\/faq\"]}]},{\"@type\":\"BreadcrumbList\",\"@id\":\"https:\\\/\\\/www.rentila.it\\\/support\\\/faq#breadcrumb\",\"itemListElement\":[{\"@type\":\"ListItem\",\"position\":1,\"name\":\"Home\",\"item\":\"https:\\\/\\\/www.rentila.it\\\/support\\\/\"},{\"@type\":\"ListItem\",\"position\":2,\"name\":\"FAQ\"}]},{\"@type\":\"WebSite\",\"@id\":\"https:\\\/\\\/www.rentila.it\\\/support\\\/#website\",\"url\":\"https:\\\/\\\/www.rentila.it\\\/support\\\/\",\"name\":\"Centro Supporto - Rentila\",\"description\":\"\",\"publisher\":{\"@id\":\"https:\\\/\\\/www.rentila.it\\\/support\\\/#organization\"},\"potentialAction\":[{\"@type\":\"SearchAction\",\"target\":{\"@type\":\"EntryPoint\",\"urlTemplate\":\"https:\\\/\\\/www.rentila.it\\\/support\\\/?s={search_term_string}\"},\"query-input\":{\"@type\":\"PropertyValueSpecification\",\"valueRequired\":true,\"valueName\":\"search_term_string\"}}],\"inLanguage\":\"it-IT\"},{\"@type\":\"Organization\",\"@id\":\"https:\\\/\\\/www.rentila.it\\\/support\\\/#organization\",\"name\":\"Rentila\",\"url\":\"https:\\\/\\\/www.rentila.it\\\/support\\\/\",\"logo\":{\"@type\":\"ImageObject\",\"inLanguage\":\"it-IT\",\"@id\":\"https:\\\/\\\/www.rentila.it\\\/support\\\/#\\\/schema\\\/logo\\\/image\\\/\",\"url\":\"https:\\\/\\\/www.rentila.it\\\/support\\\/wp-content\\\/uploads\\\/2016\\\/11\\\/1024.jpg\",\"contentUrl\":\"https:\\\/\\\/www.rentila.it\\\/support\\\/wp-content\\\/uploads\\\/2016\\\/11\\\/1024.jpg\",\"width\":1024,\"height\":1024,\"caption\":\"Rentila\"},\"image\":{\"@id\":\"https:\\\/\\\/www.rentila.it\\\/support\\\/#\\\/schema\\\/logo\\\/image\\\/\"}}]}<\/script>\n<!-- \/ Yoast SEO plugin. -->","yoast_head_json":{"title":"FAQ - Centro Supporto - Rentila","robots":{"index":"index","follow":"follow","max-snippet":"max-snippet:-1","max-image-preview":"max-image-preview:large","max-video-preview":"max-video-preview:-1"},"canonical":"https:\/\/www.rentila.it\/support\/faq","og_locale":"it_IT","og_type":"article","og_title":"FAQ - Centro Supporto - Rentila","og_description":"\u00c8 davvero gratuito? S\u00ec, l\u2019account gratuito di Rentila \u00e8 limitato a 1 immobile, 2 contratti di locazione e 2 inquilini. Se gestisci pi\u00f9 immobili, dovrai passare a un piano a pagamento. Qual \u00e8 la durata minima del contratto? Non esiste una durata minima. Puoi annullare il tuo abbonamento in qualsiasi momento. Rentila \u00e8 conforme alle","og_url":"https:\/\/www.rentila.it\/support\/faq","og_site_name":"Centro Supporto - Rentila","article_modified_time":"2025-10-10T10:50:55+00:00","twitter_card":"summary_large_image","twitter_misc":{"Tempo di lettura stimato":"3 minuti"},"schema":{"@context":"https:\/\/schema.org","@graph":[{"@type":"WebPage","@id":"https:\/\/www.rentila.it\/support\/faq","url":"https:\/\/www.rentila.it\/support\/faq","name":"FAQ - Centro Supporto - Rentila","isPartOf":{"@id":"https:\/\/www.rentila.it\/support\/#website"},"datePublished":"2016-11-04T17:27:58+00:00","dateModified":"2025-10-10T10:50:55+00:00","breadcrumb":{"@id":"https:\/\/www.rentila.it\/support\/faq#breadcrumb"},"inLanguage":"it-IT","potentialAction":[{"@type":"ReadAction","target":["https:\/\/www.rentila.it\/support\/faq"]}]},{"@type":"BreadcrumbList","@id":"https:\/\/www.rentila.it\/support\/faq#breadcrumb","itemListElement":[{"@type":"ListItem","position":1,"name":"Home","item":"https:\/\/www.rentila.it\/support\/"},{"@type":"ListItem","position":2,"name":"FAQ"}]},{"@type":"WebSite","@id":"https:\/\/www.rentila.it\/support\/#website","url":"https:\/\/www.rentila.it\/support\/","name":"Centro Supporto - Rentila","description":"","publisher":{"@id":"https:\/\/www.rentila.it\/support\/#organization"},"potentialAction":[{"@type":"SearchAction","target":{"@type":"EntryPoint","urlTemplate":"https:\/\/www.rentila.it\/support\/?s={search_term_string}"},"query-input":{"@type":"PropertyValueSpecification","valueRequired":true,"valueName":"search_term_string"}}],"inLanguage":"it-IT"},{"@type":"Organization","@id":"https:\/\/www.rentila.it\/support\/#organization","name":"Rentila","url":"https:\/\/www.rentila.it\/support\/","logo":{"@type":"ImageObject","inLanguage":"it-IT","@id":"https:\/\/www.rentila.it\/support\/#\/schema\/logo\/image\/","url":"https:\/\/www.rentila.it\/support\/wp-content\/uploads\/2016\/11\/1024.jpg","contentUrl":"https:\/\/www.rentila.it\/support\/wp-content\/uploads\/2016\/11\/1024.jpg","width":1024,"height":1024,"caption":"Rentila"},"image":{"@id":"https:\/\/www.rentila.it\/support\/#\/schema\/logo\/image\/"}}]}},"_links":{"self":[{"href":"https:\/\/www.rentila.it\/support\/wp-json\/wp\/v2\/pages\/13","targetHints":{"allow":["GET"]}}],"collection":[{"href":"https:\/\/www.rentila.it\/support\/wp-json\/wp\/v2\/pages"}],"about":[{"href":"https:\/\/www.rentila.it\/support\/wp-json\/wp\/v2\/types\/page"}],"author":[{"embeddable":true,"href":"https:\/\/www.rentila.it\/support\/wp-json\/wp\/v2\/users\/1"}],"replies":[{"embeddable":true,"href":"https:\/\/www.rentila.it\/support\/wp-json\/wp\/v2\/comments?post=13"}],"version-history":[{"count":3,"href":"https:\/\/www.rentila.it\/support\/wp-json\/wp\/v2\/pages\/13\/revisions"}],"predecessor-version":[{"id":3335,"href":"https:\/\/www.rentila.it\/support\/wp-json\/wp\/v2\/pages\/13\/revisions\/3335"}],"wp:attachment":[{"href":"https:\/\/www.rentila.it\/support\/wp-json\/wp\/v2\/media?parent=13"}],"curies":[{"name":"wp","href":"https:\/\/api.w.org\/{rel}","templated":true}]}}